{"id":59129,"date":"2018-02-01T18:27:32","date_gmt":"2018-02-01T16:27:32","guid":{"rendered":"https:\/\/baupanel.com\/arquivos-para-estimativa-de-construcao\/"},"modified":"2023-02-27T11:50:21","modified_gmt":"2023-02-27T09:50:21","slug":"arquivos-para-estimativa-de-construcao","status":"publish","type":"page","link":"https:\/\/baupanel.com\/pt-pt\/arquivos-para-estimativa-de-construcao\/","title":{"rendered":"Arquivos para Or\u00e7amento"},"content":{"rendered":"<div class=\"wpb-content-wrapper\"><p>[vc_row margin_top=&#8221;20px&#8221; margin_bottom=&#8221;20px&#8221; css=&#8221;.vc_custom_1677489280291{margin-bottom: 20px !important;padding-top: 40px !important;padding-bottom: 40px !important;background-color: #efefef !important;}&#8221;][vc_column][vc_empty_space height=&#8221;25px&#8221;]<div class=\"dt-fancy-separator title-left h2-size accent-title-color\" style=\"width: 100%;\"><div class=\"dt-fancy-title\"><span class=\"separator-holder separator-left\"><\/span>Agora, por favor, anexe-nos os ficheiros do seu projeto.<span class=\"separator-holder separator-right\"><\/span><\/div><\/div>[vc_empty_space height=&#8221;16px&#8221;][\/vc_column][\/vc_row][vc_row][vc_column width=&#8221;2\/3&#8243;][vc_column_text]<\/p>\n<h3><strong>Carregue os arquivos do seu projeto para concluir a realiza\u00e7\u00e3o do seu or\u00e7amento personalizado.<\/strong><\/h3>\n<p>Plantas e eleva\u00e7\u00f5es delimitadas. Anexe arquivos dwg, dxf ou pdf. Envio m\u00e1ximo de 50 MB.<\/p>\n<p>Indique-nos o mesmo e-mail do formul\u00e1rio anterior:[\/vc_column_text][vc_empty_space height=&#8221;40px&#8221;]\n<div class=\"wpcf7 no-js\" id=\"wpcf7-f59120-o1\" lang=\"pt-PT\" dir=\"ltr\" data-wpcf7-id=\"59120\">\n<div class=\"screen-reader-response\"><p role=\"status\" aria-live=\"polite\" aria-atomic=\"true\"><\/p> <ul><\/ul><\/div>\n<form action=\"\/pt-pt\/wp-json\/wp\/v2\/pages\/59129#wpcf7-f59120-o1\" method=\"post\" class=\"wpcf7-form init\" aria-label=\"Formul\u00e1rio de contacto\" novalidate=\"novalidate\" data-status=\"init\">\n<fieldset class=\"hidden-fields-container\"><input type=\"hidden\" name=\"_wpcf7\" value=\"59120\" \/><input type=\"hidden\" name=\"_wpcf7_version\" value=\"6.1.5\" \/><input type=\"hidden\" name=\"_wpcf7_locale\" value=\"pt_PT\" \/><input type=\"hidden\" name=\"_wpcf7_unit_tag\" value=\"wpcf7-f59120-o1\" \/><input type=\"hidden\" name=\"_wpcf7_container_post\" value=\"0\" \/><input type=\"hidden\" name=\"_wpcf7_posted_data_hash\" value=\"\" \/><input type=\"hidden\" name=\"_wpcf7_recaptcha_response\" value=\"\" \/>\n<\/fieldset>\n<h4>Se tiver algum problema no envio dos ficheiros, contacte-nos atrav\u00e9s do +34 951 701 414\n<\/h4>\n<p>Nomes e sobrenomes<span style=\"color:red;\">(*)<\/span>\n<\/p>\n<p><span class=\"wpcf7-form-control-wrap\" data-name=\"your-name\"><input size=\"40\" maxlength=\"400\" class=\"wpcf7-form-control wpcf7-text wpcf7-validates-as-required\" aria-required=\"true\" aria-invalid=\"false\" value=\"\" type=\"text\" name=\"your-name\" \/><\/span>\n<\/p>\n<p>Correio eletr\u00f4nico <span style=\"color:red;\">(*)<\/span>\n<\/p>\n<p><span class=\"wpcf7-form-control-wrap\" data-name=\"your-email\"><input size=\"40\" maxlength=\"400\" class=\"wpcf7-form-control wpcf7-email wpcf7-validates-as-required wpcf7-text wpcf7-validates-as-email\" aria-required=\"true\" aria-invalid=\"false\" value=\"\" type=\"email\" name=\"your-email\" \/><\/span>\n<\/p>\n<h4>Anexe os arquivos do seu projeto\n<\/h4>\n<p>Carregamento m\u00e1ximo de 50 MB. Arquivos do tipo dwg, dxf, rvt\/ifc, pdf ou jpg. <span style=\"color:red;\">(*)<\/span>\n<\/p>\n<p>[mfile* upload-project-files-23 limit:5000000 min-file:1 filetypes:pdf|dwg|dxf|rvt|ifc|jpg]\n<\/p>\n<p><span id=\"wpcf7-69d2ae22dfa99-wrapper\" class=\"wpcf7-form-control-wrap honeypot-320pro-wrap\" style=\"display:none !important; visibility:hidden !important;\"><label for=\"wpcf7-69d2ae22dfa99-field\" class=\"hp-message\">Please leave this field empty.<\/label><input id=\"wpcf7-69d2ae22dfa99-field\"  class=\"wpcf7-form-control wpcf7-text\" type=\"text\" name=\"honeypot-320pro\" value=\"\" size=\"40\" tabindex=\"-1\" autocomplete=\"new-password\" \/><\/span>\n<\/p>\n<p style=\"margin-top: 16px;\"><input class=\"wpcf7-form-control wpcf7-submit has-spinner\" type=\"submit\" value=\"Enviar\" \/>\n<\/p>\n<div class=\"wpcf7-response-output\" aria-hidden=\"true\"><\/div>\n<\/form>\n<\/div>\n[vc_empty_space height=&#8221;40px&#8221;][\/vc_column][vc_column width=&#8221;1\/3&#8243;][vc_single_image image=&#8221;58651&#8243; img_size=&#8221;full&#8221;][\/vc_column][\/vc_row][vc_row full_width_row=&#8221;true&#8221;][vc_column][vc_empty_space height=&#8221;24px&#8221;][vc_empty_space height=&#8221;40px&#8221;][\/vc_column][\/vc_row]<\/p>\n<\/div>","protected":false},"excerpt":{"rendered":"<p>[vc_row margin_top=&#8221;20px&#8221; margin_bottom=&#8221;20px&#8221; css=&#8221;.vc_custom_1677489280291{margin-bottom: 20px !important;padding-top: 40px !important;padding-bottom: 40px !important;background-color: #efefef !important;}&#8221;][vc_column][vc_empty_space height=&#8221;25px&#8221;][vc_empty_space height=&#8221;16px&#8221;][\/vc_column][\/vc_row][vc_row][vc_column width=&#8221;2\/3&#8243;][vc_column_text] Carregue os arquivos do seu projeto para concluir a realiza\u00e7\u00e3o do seu or\u00e7amento personalizado. Plantas e eleva\u00e7\u00f5es delimitadas. Anexe arquivos dwg, dxf ou pdf. Envio m\u00e1ximo de 50 MB. Indique-nos o mesmo e-mail do formul\u00e1rio anterior:[\/vc_column_text][vc_empty_space height=&#8221;40px&#8221;][vc_empty_space height=&#8221;40px&#8221;][\/vc_column][vc_column width=&#8221;1\/3&#8243;][vc_single_image image=&#8221;58651&#8243;&hellip;<\/p>\n","protected":false},"author":65,"featured_media":0,"parent":0,"menu_order":10,"comment_status":"closed","ping_status":"closed","template":"","meta":{"footnotes":""},"class_list":["post-59129","page","type-page","status-publish","hentry","description-off"],"aioseo_notices":[],"_links":{"self":[{"href":"https:\/\/baupanel.com\/pt-pt\/wp-json\/wp\/v2\/pages\/59129","targetHints":{"allow":["GET"]}}],"collection":[{"href":"https:\/\/baupanel.com\/pt-pt\/wp-json\/wp\/v2\/pages"}],"about":[{"href":"https:\/\/baupanel.com\/pt-pt\/wp-json\/wp\/v2\/types\/page"}],"author":[{"embeddable":true,"href":"https:\/\/baupanel.com\/pt-pt\/wp-json\/wp\/v2\/users\/65"}],"replies":[{"embeddable":true,"href":"https:\/\/baupanel.com\/pt-pt\/wp-json\/wp\/v2\/comments?post=59129"}],"version-history":[{"count":5,"href":"https:\/\/baupanel.com\/pt-pt\/wp-json\/wp\/v2\/pages\/59129\/revisions"}],"predecessor-version":[{"id":68980,"href":"https:\/\/baupanel.com\/pt-pt\/wp-json\/wp\/v2\/pages\/59129\/revisions\/68980"}],"wp:attachment":[{"href":"https:\/\/baupanel.com\/pt-pt\/wp-json\/wp\/v2\/media?parent=59129"}],"curies":[{"name":"wp","href":"https:\/\/api.w.org\/{rel}","templated":true}]}}